{"id":208763,"date":"2016-12-27T12:51:51","date_gmt":"2016-12-27T10:51:51","guid":{"rendered":"https:\/\/www.naxoskitesurf.com\/comment-venir-ici\/"},"modified":"2023-02-13T13:39:02","modified_gmt":"2023-02-13T11:39:02","slug":"comment-venir-ici","status":"publish","type":"page","link":"https:\/\/www.naxoskitesurf.com\/fr\/comment-venir-ici\/","title":{"rendered":"Comment venir ici"},"content":{"rendered":"<p>[et_pb_section fb_built=\u00a0\u00bb1&Prime; fullwidth=\u00a0\u00bbon\u00a0\u00bb custom_padding_last_edited=\u00a0\u00bbon|desktop\u00a0\u00bb admin_label=\u00a0\u00bbSection\u00a0\u00bb _builder_version=\u00a0\u00bb3.22&Prime; background_image=\u00a0\u00bbhttps:\/\/www.naxoskitesurf.com\/wp-content\/uploads\/glyfda-kitesurf-spot-view-naxoskitesurf.jpg\u00a0\u00bb custom_padding=\u00a0\u00bb7%||13%|\u00a0\u00bb custom_padding_tablet=\u00a0\u00bb50px|0|50px|0&Prime; custom_padding_phone=\u00a0\u00bb\u00a0\u00bb transparent_background=\u00a0\u00bboff\u00a0\u00bb padding_mobile=\u00a0\u00bboff\u00a0\u00bb][et_pb_fullwidth_header title=\u00a0\u00bbCOMMENT VENIR \u00c0 GLYFADA NAXOS\u00a0\u00bb subhead=\u00a0\u00bbNous sommes \u00e0 votre disposition pour vous aider \u00e0 organiser votre voyage de kitesurf.\u00a0\u00bb text_orientation=\u00a0\u00bbcenter\u00a0\u00bb content_max_width=\u00a0\u00bbnone\u00a0\u00bb admin_label=\u00a0\u00bbFullwidth Header\u00a0\u00bb _builder_version=\u00a0\u00bb3.16&Prime; title_font=\u00a0\u00bb||||\u00a0\u00bb title_font_size=\u00a0\u00bb40px\u00a0\u00bb subhead_font_size=\u00a0\u00bb20px\u00a0\u00bb background_color=\u00a0\u00bbrgba(255, 255, 255, 0)\u00a0\u00bb button_one_text_size__hover_enabled=\u00a0\u00bboff\u00a0\u00bb button_two_text_size__hover_enabled=\u00a0\u00bboff\u00a0\u00bb button_one_text_color__hover_enabled=\u00a0\u00bboff\u00a0\u00bb button_two_text_color__hover_enabled=\u00a0\u00bboff\u00a0\u00bb button_one_border_width__hover_enabled=\u00a0\u00bboff\u00a0\u00bb button_two_border_width__hover_enabled=\u00a0\u00bboff\u00a0\u00bb button_one_border_color__hover_enabled=\u00a0\u00bboff\u00a0\u00bb button_two_border_color__hover_enabled=\u00a0\u00bboff\u00a0\u00bb button_one_border_radius__hover_enabled=\u00a0\u00bboff\u00a0\u00bb button_two_border_radius__hover_enabled=\u00a0\u00bboff\u00a0\u00bb button_one_letter_spacing__hover_enabled=\u00a0\u00bboff\u00a0\u00bb button_two_letter_spacing__hover_enabled=\u00a0\u00bboff\u00a0\u00bb button_one_bg_color__hover_enabled=\u00a0\u00bboff\u00a0\u00bb button_two_bg_color__hover_enabled=\u00a0\u00bboff\u00a0\u00bb] [\/et_pb_fullwidth_header][\/et_pb_section][et_pb_section fb_built=\u00a0\u00bb1&Prime; custom_padding_last_edited=\u00a0\u00bbon|desktop\u00a0\u00bb admin_label=\u00a0\u00bbSection\u00a0\u00bb _builder_version=\u00a0\u00bb3.22&Prime; background_color=\u00a0\u00bb#ffffff\u00a0\u00bb custom_padding=\u00a0\u00bb0px|0px|0px|0px\u00a0\u00bb custom_padding_tablet=\u00a0\u00bb50px|0|50px|0&Prime; custom_padding_phone=\u00a0\u00bb\u00a0\u00bb transparent_background=\u00a0\u00bboff\u00a0\u00bb padding_mobile=\u00a0\u00bboff\u00a0\u00bb][et_pb_row use_custom_gutter=\u00a0\u00bbon\u00a0\u00bb padding_mobile=\u00a0\u00bboff\u00a0\u00bb column_padding_mobile=\u00a0\u00bbon\u00a0\u00bb admin_label=\u00a0\u00bbRow\u00a0\u00bb _builder_version=\u00a0\u00bb3.25&Prime; background_size=\u00a0\u00bbinitial\u00a0\u00bb background_position=\u00a0\u00bbtop_left\u00a0\u00bb background_repeat=\u00a0\u00bbrepeat\u00a0\u00bb custom_padding=\u00a0\u00bb50px||30px|\u00a0\u00bb column_structure=\u00a0\u00bb1_2,1_2&Prime;][et_pb_column type=\u00a0\u00bb1_2&Prime; _builder_version=\u00a0\u00bb3.25&Prime; custom_padding=\u00a0\u00bb|||\u00a0\u00bb custom_padding__hover=\u00a0\u00bb|||\u00a0\u00bb][et_pb_blurb title=\u00a0\u00bbcontacter notre club\u00a0\u00bb image_max_width=\u00a0\u00bbnone\u00a0\u00bb admin_label=\u00a0\u00bbBlurb\u00a0\u00bb _builder_version=\u00a0\u00bb3.0.87&Prime; header_font=\u00a0\u00bb|||on|\u00a0\u00bb header_font_size=\u00a0\u00bb27px\u00a0\u00bb header_letter_spacing=\u00a0\u00bb1px\u00a0\u00bb body_font_size=\u00a0\u00bb18px\u00a0\u00bb background_size=\u00a0\u00bbinitial\u00a0\u00bb background_position=\u00a0\u00bbtop_left\u00a0\u00bb background_repeat=\u00a0\u00bbrepeat\u00a0\u00bb custom_margin=\u00a0\u00bb110px||30px|\u00a0\u00bb custom_margin_tablet=\u00a0\u00bb90px|||\u00a0\u00bb custom_css_blurb_content=\u00a0\u00bbmax-width:100%;\u00a0\u00bb use_border_color=\u00a0\u00bboff\u00a0\u00bb border_color=\u00a0\u00bb#ffffff\u00a0\u00bb border_style=\u00a0\u00bbsolid\u00a0\u00bb]<br class=\"clearfix\">Nous sommes <strong>disponibles pour vous aider \u00e0 organiser votre voyage de kitesurf \u00e0 Naxos<\/strong>, notre exp\u00e9rience avec le tourisme ont de nombreuses options pour vous de trouver facilement un h\u00f4tel ou des studios pour votre s\u00e9jour pr\u00e8s ou sur le spot de kitesurf directement dans nos studios et appartements Romanzza &amp; Glyfada Naxos, billets de ferry, taxi ou transferts en bus, location de voiture ou moto, v\u00e9lo. <a href=\"https:\/\/www.naxoskitesurf.com\/fr\/contact\/\">Contactez-nous<\/a> pour plus d&rsquo;informations.<br \/>\n[\/et_pb_blurb][\/et_pb_column][et_pb_column type=\u00a0\u00bb1_2&Prime; _builder_version=\u00a0\u00bb3.25&Prime; custom_padding=\u00a0\u00bb|||\u00a0\u00bb custom_padding__hover=\u00a0\u00bb|||\u00a0\u00bb][et_pb_image src=\u00a0\u00bbhttps:\/\/www.naxoskitesurf.com\/wp-content\/uploads\/who-we-are.png\u00a0\u00bb align_tablet=\u00a0\u00bbcenter\u00a0\u00bb align_last_edited=\u00a0\u00bbon|desktop\u00a0\u00bb admin_label=\u00a0\u00bbImage\u00a0\u00bb _builder_version=\u00a0\u00bb3.23&Prime; animation_style=\u00a0\u00bbslide\u00a0\u00bb animation_direction=\u00a0\u00bbleft\u00a0\u00bb animation_duration=\u00a0\u00bb500ms\u00a0\u00bb animation_intensity_slide=\u00a0\u00bb10%\u00a0\u00bb use_border_color=\u00a0\u00bboff\u00a0\u00bb border_color=\u00a0\u00bb#ffffff\u00a0\u00bb border_width=\u00a0\u00bb1px\u00a0\u00bb border_style=\u00a0\u00bbsolid\u00a0\u00bb sticky=\u00a0\u00bboff\u00a0\u00bb] [\/et_pb_image][\/et_pb_column][\/et_pb_row][\/et_pb_section][et_pb_section fb_built=\u00a0\u00bb1&Prime; custom_padding_last_edited=\u00a0\u00bbon|desktop\u00a0\u00bb admin_label=\u00a0\u00bbSection\u00a0\u00bb _builder_version=\u00a0\u00bb3.22&Prime; background_color=\u00a0\u00bb#ffffff\u00a0\u00bb custom_padding_tablet=\u00a0\u00bb0px|0px|50px|0px\u00a0\u00bb custom_padding_phone=\u00a0\u00bb\u00a0\u00bb transparent_background=\u00a0\u00bboff\u00a0\u00bb padding_mobile=\u00a0\u00bboff\u00a0\u00bb][et_pb_row column_padding_mobile=\u00a0\u00bbon\u00a0\u00bb admin_label=\u00a0\u00bbRow\u00a0\u00bb _builder_version=\u00a0\u00bb3.25&Prime; background_size=\u00a0\u00bbinitial\u00a0\u00bb background_position=\u00a0\u00bbtop_left\u00a0\u00bb background_repeat=\u00a0\u00bbrepeat\u00a0\u00bb custom_padding=\u00a0\u00bb65px|0px|0px|0px\u00a0\u00bb custom_padding_phone=\u00a0\u00bb54px|0px|0px|0px\u00a0\u00bb custom_width_percent=\u00a0\u00bb100%\u00a0\u00bb][et_pb_column type=\u00a0\u00bb4_4&Prime; _builder_version=\u00a0\u00bb3.25&Prime; custom_padding=\u00a0\u00bb|||\u00a0\u00bb custom_padding__hover=\u00a0\u00bb|||\u00a0\u00bb][et_pb_cta title=\u00a0\u00bbPour venir ici\u00a0\u00bb admin_label=\u00a0\u00bbCall To Action\u00a0\u00bb _builder_version=\u00a0\u00bb3.16&Prime; header_font_size=\u00a0\u00bb36px\u00a0\u00bb body_font_size=\u00a0\u00bb18px\u00a0\u00bb use_background_color=\u00a0\u00bboff\u00a0\u00bb background_size=\u00a0\u00bbinitial\u00a0\u00bb background_position=\u00a0\u00bbtop_left\u00a0\u00bb background_repeat=\u00a0\u00bbrepeat\u00a0\u00bb text_orientation=\u00a0\u00bbleft\u00a0\u00bb background_layout=\u00a0\u00bblight\u00a0\u00bb header_font_size_phone=\u00a0\u00bb24px\u00a0\u00bb use_border_color=\u00a0\u00bboff\u00a0\u00bb border_color=\u00a0\u00bb#ffffff\u00a0\u00bb border_width=\u00a0\u00bb1px\u00a0\u00bb border_style=\u00a0\u00bbsolid\u00a0\u00bb button_text_size__hover_enabled=\u00a0\u00bboff\u00a0\u00bb button_one_text_size__hover_enabled=\u00a0\u00bboff\u00a0\u00bb button_two_text_size__hover_enabled=\u00a0\u00bboff\u00a0\u00bb button_text_color__hover_enabled=\u00a0\u00bboff\u00a0\u00bb button_one_text_color__hover_enabled=\u00a0\u00bboff\u00a0\u00bb button_two_text_color__hover_enabled=\u00a0\u00bboff\u00a0\u00bb button_border_width__hover_enabled=\u00a0\u00bboff\u00a0\u00bb button_one_border_width__hover_enabled=\u00a0\u00bboff\u00a0\u00bb button_two_border_width__hover_enabled=\u00a0\u00bboff\u00a0\u00bb button_border_color__hover_enabled=\u00a0\u00bboff\u00a0\u00bb button_one_border_color__hover_enabled=\u00a0\u00bboff\u00a0\u00bb button_two_border_color__hover_enabled=\u00a0\u00bboff\u00a0\u00bb button_border_radius__hover_enabled=\u00a0\u00bboff\u00a0\u00bb button_one_border_radius__hover_enabled=\u00a0\u00bboff\u00a0\u00bb button_two_border_radius__hover_enabled=\u00a0\u00bboff\u00a0\u00bb button_letter_spacing__hover_enabled=\u00a0\u00bboff\u00a0\u00bb button_one_letter_spacing__hover_enabled=\u00a0\u00bboff\u00a0\u00bb button_two_letter_spacing__hover_enabled=\u00a0\u00bboff\u00a0\u00bb button_bg_color__hover_enabled=\u00a0\u00bboff\u00a0\u00bb button_one_bg_color__hover_enabled=\u00a0\u00bboff\u00a0\u00bb button_two_bg_color__hover_enabled=\u00a0\u00bboff\u00a0\u00bb]Il y a deux moyens de base pour <strong>venir \u00e0 Naxos<\/strong>, <strong>par mer et par air<\/strong>. \u00c9tant donn\u00e9 sa position centrale dans les Cyclades, Naxos offre <strong>un acc\u00e8s facile<\/strong> \u00e0 la plupart des autres \u00eeles cycladiques. Par mer, les moyens les plus facilement disponibles sont <strong>les ferry-boats<\/strong>, dont il existe deux types principaux :<\/p>\n<ol>\n<li>Ceux qui se d\u00e9placent \u00e0 une vitesse d&rsquo;environ 20 \u00e0 25 n\u0153uds et transportent dans la plupart des cas de 1500 \u00e0 2500 passagers et un grand nombre de v\u00e9hicules. Ils mettent environ 5,5 \u00e0 6,5 heures pour venir \u00e0 <strong>Naxos<\/strong>, en fonction de la m\u00e9t\u00e9o, de la saison et des escales en cours de route.<\/li>\n<li>Les <strong>ferries plus rapides<\/strong> (y compris les Highspeed et les petits Catamarans) qui peuvent atteindre jusqu&rsquo;\u00e0 40 n\u0153uds et transportent g\u00e9n\u00e9ralement jusqu&rsquo;\u00e0 1000 passagers. Ils ne peuvent pas tous transporter des v\u00e9hicules. Ils mettent environ <strong>3,5 \u00e0 4<\/strong> heures pour <strong>se rendre \u00e0 Naxos<\/strong>, en fonction, l\u00e0 encore, des conditions m\u00e9t\u00e9orologiques, de la saison et des escales en cours de route.<\/li>\n<li>Le <strong>deuxi\u00e8me grand moyen<\/strong> de se rendre \u00e0 vos vacances est <strong>l&rsquo;avion<\/strong>. Le plus <strong>populaire<\/strong> pour les touristes est <strong>de loin le vol charter<\/strong> de leur pays <strong>directement vers Naxos<\/strong>, g\u00e9n\u00e9ralement dans un petit avion \u00e0 h\u00e9lices, ou un vol en jet vers <strong>l&rsquo;a\u00e9roport national de la Gr\u00e8ce<\/strong> et un avion <strong>\u00e0 h\u00e9lices pour Naxos<\/strong>. Il est conseill\u00e9 de r\u00e9server votre <strong>vol de correspondance local \u00e0 l&rsquo;avance<\/strong>, car il peut y avoir beaucoup <strong>de monde<\/strong> pendant la <strong>haute saison<\/strong> et les places peuvent \u00eatre tr\u00e8s difficiles \u00e0 r\u00e9server sur les <strong>vols de correspondance<\/strong>. Il y a aussi la <strong>possibilit\u00e9 de prendre un vol direct pour Mykonos ou Santorini<\/strong> et de prendre ensuite <strong>bateau de correspondance pour Naxos<\/strong> qui fait <strong>environ \u00bd \u00e0 2 \u00bd heures<\/strong> selon le type de bateau.<\/li>\n<\/ol>\n<p>[\/et_pb_cta][\/et_pb_column][\/et_pb_row][et_pb_row _builder_version=\u00a0\u00bb3.25&Prime; custom_padding=\u00a0\u00bb0px|0px|30px|0px\u00a0\u00bb][et_pb_column type=\u00a0\u00bb4_4&Prime; _builder_version=\u00a0\u00bb3.25&Prime; custom_padding=\u00a0\u00bb|||\u00a0\u00bb custom_padding__hover=\u00a0\u00bb|||\u00a0\u00bb][et_pb_button button_url=\u00a0\u00bbhttps:\/\/www.naxoskitesurf.com\/fr\/contact\/\u00a0\u00bb button_text=\u00a0\u00bbContactez-nous\u00a0\u00bb button_alignment=\u00a0\u00bbcenter\u00a0\u00bb _builder_version=\u00a0\u00bb3.16&Prime; custom_button=\u00a0\u00bbon\u00a0\u00bb button_text_size=\u00a0\u00bb22px\u00a0\u00bb button_text_color=\u00a0\u00bb#ffffff\u00a0\u00bb button_bg_color=\u00a0\u00bb#d13350&Prime; button_border_color=\u00a0\u00bb#d13350&Prime; button_border_radius=\u00a0\u00bb5px\u00a0\u00bb button_font=\u00a0\u00bb|||on|||||\u00a0\u00bb animation_style=\u00a0\u00bbbounce\u00a0\u00bb animation_direction=\u00a0\u00bbbottom\u00a0\u00bb custom_css_main_element=\u00a0\u00bbwidth: 100%;\u00a0\u00bb button_text_color_hover=\u00a0\u00bb#ffffff\u00a0\u00bb button_border_color_hover=\u00a0\u00bb#012947&Prime; button_bg_color_hover=\u00a0\u00bb#012947&Prime; button_text_size__hover_enabled=\u00a0\u00bboff\u00a0\u00bb button_one_text_size__hover_enabled=\u00a0\u00bboff\u00a0\u00bb button_two_text_size__hover_enabled=\u00a0\u00bboff\u00a0\u00bb button_text_color__hover_enabled=\u00a0\u00bbon\u00a0\u00bb button_text_color__hover=\u00a0\u00bb#ffffff\u00a0\u00bb button_one_text_color__hover_enabled=\u00a0\u00bboff\u00a0\u00bb button_two_text_color__hover_enabled=\u00a0\u00bboff\u00a0\u00bb button_border_width__hover_enabled=\u00a0\u00bboff\u00a0\u00bb button_one_border_width__hover_enabled=\u00a0\u00bboff\u00a0\u00bb button_two_border_width__hover_enabled=\u00a0\u00bboff\u00a0\u00bb button_border_color__hover_enabled=\u00a0\u00bbon\u00a0\u00bb button_border_color__hover=\u00a0\u00bb#012947&Prime; button_one_border_color__hover_enabled=\u00a0\u00bboff\u00a0\u00bb button_two_border_color__hover_enabled=\u00a0\u00bboff\u00a0\u00bb button_border_radius__hover_enabled=\u00a0\u00bboff\u00a0\u00bb button_one_border_radius__hover_enabled=\u00a0\u00bboff\u00a0\u00bb button_two_border_radius__hover_enabled=\u00a0\u00bboff\u00a0\u00bb button_letter_spacing__hover_enabled=\u00a0\u00bboff\u00a0\u00bb button_one_letter_spacing__hover_enabled=\u00a0\u00bboff\u00a0\u00bb button_two_letter_spacing__hover_enabled=\u00a0\u00bboff\u00a0\u00bb button_bg_color__hover_enabled=\u00a0\u00bbon\u00a0\u00bb button_bg_color__hover=\u00a0\u00bb#012947&Prime; button_one_bg_color__hover_enabled=\u00a0\u00bboff\u00a0\u00bb button_two_bg_color__hover_enabled=\u00a0\u00bboff\u00a0\u00bb][\/et_pb_button][\/et_pb_column][\/et_pb_row][\/et_pb_section][et_pb_section fb_built=\u00a0\u00bb1&Prime; disabled_on=\u00a0\u00bboff|off|on\u00a0\u00bb admin_label=\u00a0\u00bbMobile CTA Bar\u00a0\u00bb module_id=\u00a0\u00bbfixed-mobile-section\u00a0\u00bb _builder_version=\u00a0\u00bb4.3.2&Prime; positioning=\u00a0\u00bbfixed\u00a0\u00bb position_origin_f=\u00a0\u00bbbottom_center\u00a0\u00bb z_index=\u00a0\u00bb99&Prime; custom_padding=\u00a0\u00bb0px||0px|\u00a0\u00bb box_shadow_style=\u00a0\u00bbpreset3&Prime; box_shadow_vertical=\u00a0\u00bb-6px\u00a0\u00bb box_shadow_spread=\u00a0\u00bb1px\u00a0\u00bb saved_tabs=\u00a0\u00bball\u00a0\u00bb global_module=\u00a0\u00bb208281&Prime;][et_pb_row column_structure=\u00a0\u00bb1_4,1_4,1_4,1_4&Prime; use_custom_gutter=\u00a0\u00bbon\u00a0\u00bb gutter_width=\u00a0\u00bb1&Prime; padding_mobile=\u00a0\u00bbon\u00a0\u00bb column_padding_mobile=\u00a0\u00bbon\u00a0\u00bb module_class=\u00a0\u00bbrow_bar_custom\u00a0\u00bb _builder_version=\u00a0\u00bb4.3.2&Prime; background_color=\u00a0\u00bb#25365F\u00a0\u00bb background_size=\u00a0\u00bbinitial\u00a0\u00bb background_position=\u00a0\u00bbtop_left\u00a0\u00bb background_repeat=\u00a0\u00bbrepeat\u00a0\u00bb width=\u00a0\u00bb100%\u00a0\u00bb max_width=\u00a0\u00bb100%\u00a0\u00bb custom_padding=\u00a0\u00bb0px|0px|0px|0px\u00a0\u00bb][et_pb_column type=\u00a0\u00bb1_4&Prime; _builder_version=\u00a0\u00bb4.3.2&Prime;][et_pb_blurb title=\u00a0\u00bbCarte\u00a0\u00bb url=\u00a0\u00bbhttps:\/\/goo.gl\/maps\/vKWSayZyXDfxM6ia9&Prime; url_new_window=\u00a0\u00bbon\u00a0\u00bb use_icon=\u00a0\u00bbon\u00a0\u00bb font_icon=\u00a0\u00bb%%124%%\u00a0\u00bb icon_color=\u00a0\u00bb#3F9CC1&Prime; use_icon_font_size=\u00a0\u00bbon\u00a0\u00bb icon_font_size=\u00a0\u00bb24px\u00a0\u00bb admin_label=\u00a0\u00bbMaps\u00a0\u00bb _builder_version=\u00a0\u00bb4.4.7&Prime; header_font=\u00a0\u00bb||||||||\u00a0\u00bb header_text_color=\u00a0\u00bb#3F9CC1&Prime; header_font_size=\u00a0\u00bb14px\u00a0\u00bb background_size=\u00a0\u00bbinitial\u00a0\u00bb background_position=\u00a0\u00bbtop_left\u00a0\u00bb background_repeat=\u00a0\u00bbrepeat\u00a0\u00bb text_orientation=\u00a0\u00bbcenter\u00a0\u00bb custom_padding=\u00a0\u00bb8px||3px|\u00a0\u00bb animation=\u00a0\u00bboff\u00a0\u00bb custom_css_blurb_image=\u00a0\u00bbmargin-bottom: 0px !important;\u00a0\u00bb use_border_color=\u00a0\u00bboff\u00a0\u00bb border_color=\u00a0\u00bb#ffffff\u00a0\u00bb border_style=\u00a0\u00bbsolid\u00a0\u00bb][\/et_pb_blurb][\/et_pb_column][et_pb_column type=\u00a0\u00bb1_4&Prime; _builder_version=\u00a0\u00bb4.3.2&Prime;][et_pb_blurb title=\u00a0\u00bbWhatsApp\u00a0\u00bb url=\u00a0\u00bbhttps:\/\/wa.me\/306947243594\/?text=Hi%20I%20would%20like%20more%20info%20about%20your%20services\u00a0\u00bb url_new_window=\u00a0\u00bbon\u00a0\u00bb use_icon=\u00a0\u00bbon\u00a0\u00bb font_icon=\u00a0\u00bb%%264%%\u00a0\u00bb icon_color=\u00a0\u00bb#3F9CC1&Prime; use_icon_font_size=\u00a0\u00bbon\u00a0\u00bb icon_font_size=\u00a0\u00bb24px\u00a0\u00bb admin_label=\u00a0\u00bbWhatsApp\u00a0\u00bb _builder_version=\u00a0\u00bb4.4.7&Prime; header_font=\u00a0\u00bb||||||||\u00a0\u00bb header_text_color=\u00a0\u00bb#3F9CC1&Prime; header_font_size=\u00a0\u00bb14px\u00a0\u00bb background_size=\u00a0\u00bbinitial\u00a0\u00bb background_position=\u00a0\u00bbtop_left\u00a0\u00bb background_repeat=\u00a0\u00bbrepeat\u00a0\u00bb text_orientation=\u00a0\u00bbcenter\u00a0\u00bb custom_padding=\u00a0\u00bb8px||3px|\u00a0\u00bb animation=\u00a0\u00bboff\u00a0\u00bb custom_css_blurb_image=\u00a0\u00bbmargin-bottom: 0px !important;\u00a0\u00bb use_border_color=\u00a0\u00bboff\u00a0\u00bb border_color=\u00a0\u00bb#ffffff\u00a0\u00bb border_style=\u00a0\u00bbsolid\u00a0\u00bb][\/et_pb_blurb][\/et_pb_column][et_pb_column type=\u00a0\u00bb1_4&Prime; _builder_version=\u00a0\u00bb4.3.2&Prime;][et_pb_blurb title=\u00a0\u00bbContactez-nous\u00a0\u00bb url=\u00a0\u00bbmailto:info@naxoskitesurf.com\u00a0\u00bb url_new_window=\u00a0\u00bbon\u00a0\u00bb use_icon=\u00a0\u00bbon\u00a0\u00bb font_icon=\u00a0\u00bb%%109%%\u00a0\u00bb icon_color=\u00a0\u00bb#3F9CC1&Prime; use_icon_font_size=\u00a0\u00bbon\u00a0\u00bb icon_font_size=\u00a0\u00bb24px\u00a0\u00bb admin_label=\u00a0\u00bbContact Us\u00a0\u00bb _builder_version=\u00a0\u00bb4.4.7&Prime; header_font=\u00a0\u00bb||||||||\u00a0\u00bb header_text_color=\u00a0\u00bb#3F9CC1&Prime; header_font_size=\u00a0\u00bb14px\u00a0\u00bb background_size=\u00a0\u00bbinitial\u00a0\u00bb background_position=\u00a0\u00bbtop_left\u00a0\u00bb background_repeat=\u00a0\u00bbrepeat\u00a0\u00bb text_orientation=\u00a0\u00bbcenter\u00a0\u00bb custom_padding=\u00a0\u00bb8px||3px|\u00a0\u00bb animation=\u00a0\u00bboff\u00a0\u00bb custom_css_blurb_image=\u00a0\u00bbmargin-bottom: 0px !important;\u00a0\u00bb use_border_color=\u00a0\u00bboff\u00a0\u00bb border_color=\u00a0\u00bb#ffffff\u00a0\u00bb border_style=\u00a0\u00bbsolid\u00a0\u00bb][\/et_pb_blurb][\/et_pb_column][et_pb_column type=\u00a0\u00bb1_4&Prime; _builder_version=\u00a0\u00bb4.3.2&Prime;][et_pb_blurb title=\u00a0\u00bbR\u00e9server\u00a0\u00bb url=\u00a0\u00bb@ET-DC@eyJkeW5hbWljIjp0cnVlLCJjb250ZW50IjoicG9zdF9saW5rX3VybF9wYWdlIiwic2V0dGluZ3MiOnsicG9zdF9pZCI6IjQ5In19@\u00a0\u00bb url_new_window=\u00a0\u00bbon\u00a0\u00bb use_icon=\u00a0\u00bbon\u00a0\u00bb font_icon=\u00a0\u00bb%%128%%\u00a0\u00bb icon_color=\u00a0\u00bb#3F9CC1&Prime; use_icon_font_size=\u00a0\u00bbon\u00a0\u00bb icon_font_size=\u00a0\u00bb24px\u00a0\u00bb admin_label=\u00a0\u00bbBook now\u00a0\u00bb _builder_version=\u00a0\u00bb4.4.7&Prime; _dynamic_attributes=\u00a0\u00bburl\u00a0\u00bb header_font=\u00a0\u00bb||||||||\u00a0\u00bb header_text_color=\u00a0\u00bb#3F9CC1&Prime; header_font_size=\u00a0\u00bb14px\u00a0\u00bb background_size=\u00a0\u00bbinitial\u00a0\u00bb background_position=\u00a0\u00bbtop_left\u00a0\u00bb background_repeat=\u00a0\u00bbrepeat\u00a0\u00bb text_orientation=\u00a0\u00bbcenter\u00a0\u00bb custom_padding=\u00a0\u00bb8px||3px|\u00a0\u00bb animation=\u00a0\u00bboff\u00a0\u00bb header_font_size_phone=\u00a0\u00bb13&Prime; header_font_size_last_edited=\u00a0\u00bboff|phone\u00a0\u00bb custom_css_blurb_image=\u00a0\u00bbmargin-bottom: 0px !important;\u00a0\u00bb use_border_color=\u00a0\u00bboff\u00a0\u00bb border_color=\u00a0\u00bb#ffffff\u00a0\u00bb border_style=\u00a0\u00bbsolid\u00a0\u00bb][\/et_pb_blurb][\/et_pb_column][\/et_pb_row][\/et_pb_section]<\/p>\n","protected":false},"excerpt":{"rendered":"<p>Nous sommes disponibles pour vous aider \u00e0 organiser votre voyage de kitesurf \u00e0 Naxos, notre exp\u00e9rience avec le tourisme ont de nombreuses options pour vous de trouver facilement un h\u00f4tel ou des studios pour votre s\u00e9jour pr\u00e8s ou sur le spot de kitesurf directement dans nos studios et appartements Romanzza &amp; Glyfada Naxos, billets de [&hellip;]<\/p>\n","protected":false},"author":1,"featured_media":0,"parent":0,"menu_order":0,"comment_status":"closed","ping_status":"closed","template":"","meta":{"_seopress_robots_primary_cat":"","_seopress_titles_title":"Comment venir ici - Naxos Kitesurf Club","_seopress_titles_desc":"Nous sommes disponibles pour vous aider \u00e0 organiser votre voyage de kitesurf \u00e0 Naxos, notre exp\u00e9rience avec le tourisme ont de nombreuses options pour vous de trouver facilement un h\u00f4tel ou des studios pour votre s\u00e9jour \u00e0 proximit\u00e9 ou sur le spot de kitesurf directement dans nos Romanzza studios et appartements & Glyfada Naxos, billets de ferry, taxi ou transferts en bus, location de voiture ou moto, v\u00e9lo. ","_seopress_robots_index":"","_et_pb_use_builder":"on","_et_pb_old_content":"","_et_gb_content_width":"","footnotes":""},"class_list":["post-208763","page","type-page","status-publish","hentry"],"_links":{"self":[{"href":"https:\/\/www.naxoskitesurf.com\/fr\/wp-json\/wp\/v2\/pages\/208763","targetHints":{"allow":["GET"]}}],"collection":[{"href":"https:\/\/www.naxoskitesurf.com\/fr\/wp-json\/wp\/v2\/pages"}],"about":[{"href":"https:\/\/www.naxoskitesurf.com\/fr\/wp-json\/wp\/v2\/types\/page"}],"author":[{"embeddable":true,"href":"https:\/\/www.naxoskitesurf.com\/fr\/wp-json\/wp\/v2\/users\/1"}],"replies":[{"embeddable":true,"href":"https:\/\/www.naxoskitesurf.com\/fr\/wp-json\/wp\/v2\/comments?post=208763"}],"version-history":[{"count":3,"href":"https:\/\/www.naxoskitesurf.com\/fr\/wp-json\/wp\/v2\/pages\/208763\/revisions"}],"predecessor-version":[{"id":208869,"href":"https:\/\/www.naxoskitesurf.com\/fr\/wp-json\/wp\/v2\/pages\/208763\/revisions\/208869"}],"wp:attachment":[{"href":"https:\/\/www.naxoskitesurf.com\/fr\/wp-json\/wp\/v2\/media?parent=208763"}],"curies":[{"name":"wp","href":"https:\/\/api.w.org\/{rel}","templated":true}]}}